{"id":8924,"date":"2025-11-12T19:21:54","date_gmt":"2025-11-12T18:21:54","guid":{"rendered":"https:\/\/spiritualbish.com\/?page_id=8924"},"modified":"2026-02-14T21:49:18","modified_gmt":"2026-02-14T20:49:18","slug":"darmowyebook","status":"publish","type":"page","link":"https:\/\/spiritualbish.com\/pl\/darmowyebook\/","title":{"rendered":"darmowy workbook somatyczny"},"content":{"rendered":"\t\t<div data-elementor-type=\"wp-page\" data-elementor-id=\"8924\" class=\"elementor elementor-8924\">\n\t\t\t\t\t\t<section class=\"elementor-section elementor-top-section elementor-element elementor-element-40425e8 elementor-section-boxed elementor-section-height-default elementor-section-height-default wpr-particle-no wpr-jarallax-no wpr-parallax-no wpr-sticky-section-no\" data-id=\"40425e8\" data-element_type=\"section\" data-e-type=\"section\" data-settings=\"{&quot;background_background&quot;:&quot;classic&quot;}\">\n\t\t\t\t\t\t<div class=\"elementor-container elementor-column-gap-default\">\n\t\t\t\t\t<div class=\"elementor-column elementor-col-100 elementor-top-column elementor-element elementor-element-1df51ea\" data-id=\"1df51ea\" data-element_type=\"column\" data-e-type=\"column\">\n\t\t\t<div class=\"elementor-widget-wrap elementor-element-populated\">\n\t\t\t\t\t\t<div class=\"elementor-element elementor-element-80aab83 elementor-widget elementor-widget-image\" data-id=\"80aab83\" data-element_type=\"widget\" data-e-type=\"widget\" data-widget_type=\"image.default\">\n\t\t\t\t<div class=\"elementor-widget-container\">\n\t\t\t\t\t\t\t\t\t\t\t\t\t\t\t<img fetchpriority=\"high\" decoding=\"async\" data-attachment-id=\"9411\" data-permalink=\"https:\/\/spiritualbish.com\/pl\/free-resource\/attachment\/3\/\" data-orig-file=\"https:\/\/i0.wp.com\/spiritualbish.com\/wp-content\/uploads\/2026\/02\/3-e1771093029283.png?fit=1920%2C723&amp;ssl=1\" data-orig-size=\"1920,723\" data-comments-opened=\"1\" data-image-meta=\"{&quot;aperture&quot;:&quot;0&quot;,&quot;credit&quot;:&quot;&quot;,&quot;camera&quot;:&quot;&quot;,&quot;caption&quot;:&quot;&quot;,&quot;created_timestamp&quot;:&quot;0&quot;,&quot;copyright&quot;:&quot;&quot;,&quot;focal_length&quot;:&quot;0&quot;,&quot;iso&quot;:&quot;0&quot;,&quot;shutter_speed&quot;:&quot;0&quot;,&quot;title&quot;:&quot;&quot;,&quot;orientation&quot;:&quot;0&quot;}\" data-image-title=\"3\" data-image-description=\"\" data-image-caption=\"\" data-medium-file=\"https:\/\/i0.wp.com\/spiritualbish.com\/wp-content\/uploads\/2026\/02\/3-e1771093029283.png?fit=300%2C113&amp;ssl=1\" data-large-file=\"https:\/\/i0.wp.com\/spiritualbish.com\/wp-content\/uploads\/2026\/02\/3-e1771093029283.png?fit=1024%2C386&amp;ssl=1\" width=\"1024\" height=\"386\" src=\"https:\/\/i0.wp.com\/spiritualbish.com\/wp-content\/uploads\/2026\/02\/3-e1771093029283.png?fit=1024%2C386&amp;ssl=1\" class=\"attachment-large size-large wp-image-9411\" alt=\"\" srcset=\"https:\/\/i0.wp.com\/spiritualbish.com\/wp-content\/uploads\/2026\/02\/3-e1771093029283.png?w=1920&amp;ssl=1 1920w, https:\/\/i0.wp.com\/spiritualbish.com\/wp-content\/uploads\/2026\/02\/3-e1771093029283.png?resize=300%2C113&amp;ssl=1 300w, https:\/\/i0.wp.com\/spiritualbish.com\/wp-content\/uploads\/2026\/02\/3-e1771093029283.png?resize=1024%2C386&amp;ssl=1 1024w, https:\/\/i0.wp.com\/spiritualbish.com\/wp-content\/uploads\/2026\/02\/3-e1771093029283.png?resize=768%2C289&amp;ssl=1 768w, https:\/\/i0.wp.com\/spiritualbish.com\/wp-content\/uploads\/2026\/02\/3-e1771093029283.png?resize=1536%2C578&amp;ssl=1 1536w, https:\/\/i0.wp.com\/spiritualbish.com\/wp-content\/uploads\/2026\/02\/3-e1771093029283.png?resize=18%2C7&amp;ssl=1 18w, https:\/\/i0.wp.com\/spiritualbish.com\/wp-content\/uploads\/2026\/02\/3-e1771093029283.png?resize=1320%2C497&amp;ssl=1 1320w, https:\/\/i0.wp.com\/spiritualbish.com\/wp-content\/uploads\/2026\/02\/3-e1771093029283.png?resize=600%2C226&amp;ssl=1 600w\" sizes=\"(max-width: 1024px) 100vw, 1024px\" data-attachment-id=\"9411\" data-permalink=\"https:\/\/spiritualbish.com\/pl\/free-resource\/attachment\/3\/\" data-orig-file=\"https:\/\/i0.wp.com\/spiritualbish.com\/wp-content\/uploads\/2026\/02\/3-e1771093029283.png?fit=1920%2C723&amp;ssl=1\" data-orig-size=\"1920,723\" data-comments-opened=\"1\" data-image-meta=\"{&quot;aperture&quot;:&quot;0&quot;,&quot;credit&quot;:&quot;&quot;,&quot;camera&quot;:&quot;&quot;,&quot;caption&quot;:&quot;&quot;,&quot;created_timestamp&quot;:&quot;0&quot;,&quot;copyright&quot;:&quot;&quot;,&quot;focal_length&quot;:&quot;0&quot;,&quot;iso&quot;:&quot;0&quot;,&quot;shutter_speed&quot;:&quot;0&quot;,&quot;title&quot;:&quot;&quot;,&quot;orientation&quot;:&quot;0&quot;}\" data-image-title=\"3\" data-image-description=\"\" data-image-caption=\"\" data-medium-file=\"https:\/\/i0.wp.com\/spiritualbish.com\/wp-content\/uploads\/2026\/02\/3-e1771093029283.png?fit=300%2C113&amp;ssl=1\" data-large-file=\"https:\/\/i0.wp.com\/spiritualbish.com\/wp-content\/uploads\/2026\/02\/3-e1771093029283.png?fit=1024%2C386&amp;ssl=1\" \/>\t\t\t\t\t\t\t\t\t\t\t\t\t\t\t<\/div>\n\t\t\t\t<\/div>\n\t\t\t\t<div class=\"elementor-element elementor-element-7393361 elementor-widget elementor-widget-text-editor\" data-id=\"7393361\" data-element_type=\"widget\" data-e-type=\"widget\" data-widget_type=\"text-editor.default\">\n\t\t\t\t<div class=\"elementor-widget-container\">\n\t\t\t\t\t\t\t\t\t<p id=\"dae-download-shortcode\"><span id=\"dae-download-shortcode-copy\"><style type=\"text\/css\">\r\n\t\t#dae-shortcode8921-download-wrapper {\r\n\t\t\tbackground: url() !important;\r\n\t\t\tbackground-attachment: scroll !important;\r\n\t\t}\r\n\t\t#dae-shortcode8921-download-wrapper .dae-shortcode-download-file-image {\r\n\t\t\twidth: 80% !important;\r\n\t\t}\r\n\t\t#dae-shortcode8921-download-wrapper.dae-shortcode-download-wrapper-wide .dae-shortcode-download-file-image {\r\n\t\t\twidth: 40% !important;\r\n\t\t}\r\n\t\t#dae-shortcode8921-download-wrapper .dae-shortcode-download-title {\r\n\t\t\tfont-size: 40px !important;\r\n\t\t\tfont-family: Arial, Helvetica, sans-serif !important;\r\n\t\t\tcolor: #ed00d5 !important;\r\n\t\t}\r\n\t\t#dae-shortcode8921-download-wrapper .dae-shortcode-download-text {\r\n\t\t\tfont-size: 16px !important;\r\n\t\t\tfont-family: Arial, Helvetica, sans-serif !important;\r\n\t\t\tcolor: #ffffff !important;\r\n\t\t}\r\n\t\t#dae-shortcode8921-download-wrapper .dae-shortcode-download-text h1,\r\n\t\t#dae-shortcode8921-download-wrapper .dae-shortcode-download-text h2,\r\n\t\t#dae-shortcode8921-download-wrapper .dae-shortcode-download-text h3,\r\n\t\t#dae-shortcode8921-download-wrapper .dae-shortcode-download-text h4,\r\n\t\t#dae-shortcode8921-download-wrapper .dae-shortcode-download-text h5 {\r\n\t\t\tfont-family: Arial, Helvetica, sans-serif !important;\r\n\t\t}\r\n\t\t#dae-shortcode8921-download-wrapper .dae-shortcode-download-button {\r\n\t\t\tcolor: #0073aa !important;\r\n\t\t\tbackground: none !important;\r\n\t\t\tfont-size: 25px !important;\r\n\t\t\tfont-family: Arial, Helvetica, sans-serif !important;\r\n\t\t\twidth: auto !important;\r\n\t\t\tpadding: 20px 8px !important;\r\n\t\t\tborder-color: #0073aa !important;\r\n\t\t\tborder-radius: 10px !important;\r\n\t\t\t-moz-border-radius: 10px !important;\r\n\t\t\t-webkit-border-radius: 10px !important;\r\n\t\t}\r\n\t\t#dae-shortcode8921-download-wrapper .dae-shortcode-download-button:hover {\r\n\t\t\tcolor: #ffffff !important;\r\n\t\t\tbackground: #0073aa !important;\r\n\t\t\tborder-color: #0073aa !important;\r\n\t\t\tfont-size: 25px !important;\r\n\t\t\tfont-family: Arial, Helvetica, sans-serif !important;\r\n\t\t\twidth: auto !important;\r\n\t\t\tpadding: 20px 8px !important;\r\n\t\t\tborder-radius: 10px !important;\r\n\t\t\t-moz-border-radius: 10px !important;\r\n\t\t\t-webkit-border-radius: 10px !important;\r\n\t\t}\r\n\t\t#dae-shortcode8921-download-wrapper .dae-shortcode-register-label {\r\n\t\t\tfont-size: 18px !important;\r\n\t\t\tfont-family: Arial, Helvetica, sans-serif !important;\r\n\t\t\tcolor: #444444 !important;\r\n\t\t}\r\n\t\t#dae-shortcode8921-download-wrapper .dae-shortcode-register-icon {\r\n\t\t\theight: calc(45px + 4px) !important;\r\n\t\t\tfont-size: 15px !important;\r\n\t\t\tfont-family: Arial, Helvetica, sans-serif !important;\r\n\t\t\tpadding: 15px !important;\r\n\t\t\tcolor: #ffffff !important;\r\n\t\t\tbackground: #0073aa !important;\r\n\t\t\tborder-radius: 10px 0 0 10px !important;\r\n\t\t\t-moz-border-radius: 10px 0 0 10px !important;\r\n\t\t\t-webkit-border-radius: 10px 0 0 10px !important;\r\n\t\t}\r\n\t\t#dae-shortcode8921-download-wrapper .dae-shortcode-register-field {\r\n\t\t\theight: calc(45px + 4px) !important;\r\n\t\t\tfont-size: 15px !important;\r\n\t\t\tfont-family: Arial, Helvetica, sans-serif !important;\r\n\t\t\tpadding: 15px !important;\r\n\t\t\tcolor: #444444 !important;\r\n\t\t\tbackground: #f9f9f9 !important;\r\n\t\t\tborder-radius: 0 10px 10px 0 !important;\r\n\t\t\t-moz-border-radius: 0 10px 10px 0 !important;\r\n\t\t\t-webkit-border-radius: 0 10px 10px 0 !important;\r\n\t\t}\r\n\t\t#dae-shortcode8921-download-wrapper .dae-shortcode-register-select-icon {\r\n\t\t\ttop: calc(50% - 7.5px) !important;\r\n\t\t\tright: 15px !important;\r\n\t\t\tfont-size: 15px !important;\r\n\t\t\tfont-family: Arial, Helvetica, sans-serif !important;\r\n\t\t\tcolor: #444444 !important;\r\n\t\t}\r\n\t\t#dae-shortcode8921-download-wrapper .dae-shortcode-register-field::-webkit-input-placeholder,\r\n\t\t#dae-shortcode8921-download-wrapper .dae-shortcode-register-field::placeholder {\r\n\t\t\tcolor: #888888 !important;\r\n\t\t\tfont-family: Arial, Helvetica, sans-serif !important;\r\n\t\t}\r\n\t\t#dae-shortcode8921-download-wrapper .dae-shortcode-register-field::-ms-input-placeholder {\r\n\t\t\tcolor: #888888 !important;\r\n\t\t\tfont-family: Arial, Helvetica, sans-serif !important;\r\n\t\t}\r\n\t\t#dae-shortcode8921-download-wrapper .dae-shortcode-register-checkbox-text {\r\n\t\t\tcolor: #444444 !important;\r\n\t\t\tfont-size: 12px !important;\r\n\t\t\tfont-family: Arial, Helvetica, sans-serif !important;\r\n\t\t}\r\n\t\t#dae-shortcode8921-download-wrapper .dae-shortcode-register-checkbox-text a {\r\n\t\t\tcolor: #0073aa !important;\r\n\t\t}\r\n\t\t#dae-shortcode8921-download-wrapper .dae-shortcode-register-checkbox-text a:hover {\r\n\t\t\tcolor: #0081c1 !important;\r\n\t\t}\r\n\t\t#dae-shortcode8921-download-wrapper .dae-shortcode-register-submit {\r\n\t\t\tcolor: #ffffff !important;\r\n\t\t\tfont-size: 18px !important;\r\n\t\t\tfont-family: Arial, Helvetica, sans-serif !important;\r\n\t\t\tpadding: 18px !important;\r\n\t\t\tbackground: #0073aa !important;\r\n\t\t\tborder-radius: 10px !important;\r\n\t\t\t-moz-border-radius: 10px !important;\r\n\t\t\t-webkit-border-radius: 10px !important;\r\n\t\t}\r\n\t\t#dae-shortcode8921-download-wrapper .dae-shortcode-register-submit:hover {\r\n\t\t\tcolor: #ffffff !important;\r\n\t\t\tbackground: #0081c1 !important;\r\n\t\t\tfont-size: 18px !important;\r\n\t\t\tfont-family: Arial, Helvetica, sans-serif !important;\r\n\t\t\tpadding: 18px !important;\r\n\t\t\tborder-radius: 10px !important;\r\n\t\t\t-moz-border-radius: 10px !important;\r\n\t\t\t-webkit-border-radius: 10px !important;\r\n\t\t}\r\n\t\t#dae-shortcode8921-download-wrapper .dae-shortcode-register-loading {\r\n\t\t\tcolor: #0073aa !important;\r\n\t\t}\r\n\t\t#dae-shortcode8921-download-wrapper .dae-shortcode-register-message {\r\n\t\t\tfont-size: 16px !important;\r\n\t\t\tfont-family: Arial, Helvetica, sans-serif !important;\r\n\t\t}\r\n\t\t#dae-shortcode8921-download-wrapper .dae-shortcode-register-error {\r\n\t\t\tcolor: #dd1111 !important;\r\n\t\t}\r\n\t\t#dae-shortcode8921-download-wrapper .dae-shortcode-register-success {\r\n\t\t\tcolor: #0073aa !important;\r\n\t\t}\r\n\t\t#dae-shortcode8921-download-wrapper .dae-shortcode-register-category-interests h4,\r\n\t\t#dae-shortcode8921-download-wrapper .dae-shortcode-register-input-wrap-interest label {\r\n\t\t\tfont-family: Arial, Helvetica, sans-serif !important;\r\n\t\t}\r\n\t\t#dae-shortcode8921-download-wrapper {\r\n\t\t\talign-items: center !important;\r\n\t\t\t-webkit-align-items: center !important;\r\n\t\t\tjustify-content: flex-start !important;\r\n\t\t\t-webkit-justify-content: flex-start !important;\r\n\t\t\t-moz-justify-content: fle-start !important;\r\n\t\t}\r\n\t\t#dae-shortcode8921-download-wrapper .dae-shortcode-download-content-wrapper,\r\n\t\t#dae-shortcode8921-download-wrapper .dae-shortcode-download-title,\r\n\t\t#dae-shortcode8921-download-wrapper .dae-shortcode-download-text,\r\n\t\t#dae-shortcode8921-download-wrapper .dae-shortcode-register-wrapper p,\r\n\t\t#dae-shortcode8921-download-wrapper .dae-shortcode-register-category-interests-wrap {\r\n\t\t\ttext-align: center !important;\r\n\t\t}\r\n\t\t#dae-shortcode8921-download-wrapper .dae-shortcode-register-field-wrap {\r\n\t\t\tjustify-content: center !important;\r\n\t\t\t-webkit-justify-content: center !important;\r\n\t\t\t-moz-justify-content: center !important;\r\n\t\t}\r\n\t\t#dae-shortcode8921-download-wrapper .dae-shortcode-register-label,\r\n\t\t#dae-shortcode8921-download-wrapper .dae-shortcode-register-message,\r\n\t\t#dae-shortcode8921-download-wrapper .dae-shortcode-register-category-interests-wrap {\r\n\t\t\tmargin: 20px auto !important;\r\n\t\t}\r\n\t\t#dae-shortcode8921-download-wrapper.dae-shortcode-download-wrapper-wide {\r\n\t\t\talign-items: center !important;\r\n\t\t\t-webkit-align-items: center !important;\r\n\t\t\tjustify-content: center !important;\r\n\t\t\t-webkit-justify-content: center !important;\r\n\t\t\t-moz-justify-content: center !important;\r\n\t\t}\r\n\t\t#dae-shortcode8921-download-wrapper.dae-shortcode-download-wrapper-wide .dae-shortcode-download-content-wrapper,\r\n\t\t#dae-shortcode8921-download-wrapper.dae-shortcode-download-wrapper-wide .dae-shortcode-download-title,\r\n\t\t#dae-shortcode8921-download-wrapper.dae-shortcode-download-wrapper-wide .dae-shortcode-download-text,\r\n\t\t#dae-shortcode8921-download-wrapper.dae-shortcode-download-wrapper-wide .dae-shortcode-register-wrapper p,\r\n\t\t#dae-shortcode8921-download-wrapper.dae-shortcode-download-wrapper-wide .dae-shortcode-register-category-interests-wrap {\r\n\t\t\ttext-align: center !important;\r\n\t\t}\r\n\t\t#dae-shortcode8921-download-wrapper.dae-shortcode-download-wrapper-wide .dae-shortcode-register-field-wrap {\r\n\t\t\tjustify-content: center !important;\r\n\t\t\t-webkit-justify-content: center !important;\r\n\t\t\t-moz-justify-content: center !important;\r\n\t\t}\r\n\t\t#dae-shortcode8921-download-wrapper.dae-shortcode-download-wrapper-wide .dae-shortcode-register-label,\r\n\t\t#dae-shortcode8921-download-wrapper.dae-shortcode-download-wrapper-wide .dae-shortcode-register-message,\r\n\t\t#dae-shortcode8921-download-wrapper.dae-shortcode-download-wrapper-wide .dae-shortcode-register-category-interests-wrap {\r\n\t\t\tmargin: 20px auto !important;\r\n\t\t}\r\n\t<\/style>\r\n\t\t<div id=\"dae-shortcode8921-download-wrapper\" class=\"dae-shortcode-download-wrapper\">\r\n\t\t\t\r\n\t\t\t<div class=\"dae-shortcode-download-content-wrapper\">\r\n\t\t\t\t<h2 class=\"dae-shortcode-download-title\">workbook do somatycznej pracy z uk\u0142adem nerwowym<\/h2>\r\n\t\t\t\t<div class=\"dae-shortcode-download-text\"><p class=\"p1\">Bardzo si\u0119 ciesz\u0119, \u017ce tu jeste\u015b.<\/p><br \/>\r\n<p class=\"p1\">Czy cz\u0119sto czujesz si\u0119 zestresowany\/a, przestraszony\/a, przyt\u0142oczony\/a, spi\u0119ty\/a, zm\u0119czony\/a, jakby\u015b by\u0142\/a \u201cza du\u017co\u201d \u2014 albo \u201cza ma\u0142o\u201d?<\/p><br \/>\r\n<p class=\"p1\">Nie ma w Tobie nic z\u0142ego.<\/p><br \/>\r\n<p class=\"p1\">Kiedy nasz uk\u0142ad nerwowy wyczuwa, \u017ce co\u015b w \u015bwiecie zewn\u0119trznym, wewn\u0119trznym lub w relacjach jest niebezpieczne lub niepewne, reaguje adekwatnie. Stan naszego uk\u0142adu nerwowego wp\u0142ywa na to, jak czujemy si\u0119 fizycznie, emocjonalnie, psychicznie i w relacjach \u2014 w tym w relacji z samym sob\u0105. Zrozumienie naszej neurobiologii i nauka j\u0119zyka naszego systemu \u2014 poprzez odczucia, ruch, energi\u0119, oddech i wyobra\u017ani\u0119 \u2014 pomaga wspiera\u0107 cia\u0142o, aby poczu\u0142o si\u0119 bezpieczniej, przetwarza\u0142o stres naturalnie i wraca\u0142o do w\u0142asnej Autorytetu Ja\u017ani.<\/p><br \/>\r\n<p class=\"p1\">Przez lata czu\u0142am si\u0119 od\u0142\u0105czona od w\u0142asnego cia\u0142a. Kiedy w ko\u0144cu zacz\u0119\u0142am uczy\u0107 si\u0119 go s\u0142ucha\u0107 \u2014 jego rytm\u00f3w, impuls\u00f3w, odczu\u0107 i sekretnego j\u0119zyka \u2014 wszystko si\u0119 zmieni\u0142o. Ta praca sta\u0142a si\u0119 nie tylko moj\u0105 profesj\u0105, ale czym\u015b, co daje poczucie celu.<\/p><br \/>\r\n<p class=\"p1\">Teraz mog\u0119 obserwowa\u0107 te same zmiany u moich klient\u00f3w \u2014 nie przez naprawianie czy forsowanie, ale przez przypomnienie sobie, jak wr\u00f3ci\u0107 do cia\u0142a, nawi\u0105za\u0107 relacj\u0119 z Sob\u0105 i swoj\u0105 wrodzon\u0105 m\u0105dro\u015bci\u0105 wewn\u0119trzn\u0105.<\/p><br \/>\r\n<p class=\"p1\">Jako podzi\u0119kowanie za to, \u017ce tu jeste\u015b, przygotowa\u0142am dla Ciebie <span class=\"s1\"><b>Workbook Somatycznej pracy z Uk\u0142adem Nerwowym<\/b><\/span>\u00a0\ud83d\ude42<\/p><br \/>\r\n<p class=\"p1\">Ten 70+ stronicowy przewodnik jest delikatny i samodzielny. To nie instrukcja, lecz zaproszenie: refleksje, proste praktyki somatyczne, \u0107wiczenia z pracy z cieniem oraz nauka o uk\u0142adzie nerwowym \u2014 wszystko po to, by zacz\u0105\u0107 s\u0142ucha\u0107 swojego cia\u0142a, ponownie \u0142\u0105czy\u0107 si\u0119 z jego inteligencj\u0105 i wspiera\u0107 system w naturalnym przetwarzaniu stresu.<\/p><br \/>\r\n<p class=\"p1\">Zr\u00f3b to powoli. Pozw\u00f3l, by cia\u0142o prowadzi\u0142o tempo. Zapro\u015b ciekawo\u015b\u0107 i wsp\u00f3\u0142czucie, a nie perfekcj\u0119. Zauwa\u017c, kt\u00f3ra cz\u0119\u015b\u0107 Ciebie przychodzi \u2014 ciekawa, sceptyczna, zm\u0119czona, pe\u0142na nadziei \u2014 wszystko jest mile widziane. Wszystko to jest informacj\u0105.<\/p><br \/>\r\n<p class=\"p1\">Je\u015bli poczujesz, \u017ce chcesz praktykowa\u0107 t\u0119 prac\u0119 w przestrzeni wsp\u00f3lnej, serdecznie zapraszam Ci\u0119 do <span class=\"s1\"><b>Centered in Chaos<\/b><\/span>\u2014 mojego comiesi\u0119cznego rytua\u0142u somatycznego na \u017cywo, w kt\u00f3rym poruszamy si\u0119, oddychamy i ponownie \u0142\u0105czymy ze sob\u0105. <a href=\"https:\/\/spiritualbish.com\/centered-in-chaos-experiential\/\">[Dowiedz si\u0119 wi\u0119cej TUTAJ]<\/a><\/p><br \/>\r\n<p class=\"p1\">A je\u015bli kiedykolwiek poczujesz wezwanie, aby zg\u0142\u0119bi\u0107 t\u0119 prac\u0119 jeszcze bardziej, mo\u017cesz r\u00f3wnie\u017c<a href=\"https:\/\/calendly.com\/app\/scheduling\/meeting_types\/user\/me\"> <span class=\"s1\"><b>um\u00f3wi\u0107 si\u0119 na bezp\u0142atn\u0105 sesj\u0119 wyr\u00f3wnuj\u0105c\u0105 ze mn\u0105<\/b><\/span> <\/a>\u2014 bez presji, po prostu szansa, by si\u0119 po\u0142\u0105czy\u0107, sprawdzi\u0107 swoje cia\u0142o i zobaczy\u0107, co mog\u0142oby Ci\u0119 najbardziej wspiera\u0107.<\/p><br \/>\r\n<p class=\"p1\">Bardzo si\u0119 ciesz\u0119, \u017ce tu trafi\u0142e\u015b\/trafi\u0142a\u015b.<\/p><br \/>\r\n<p class=\"p1\">Z ciep\u0142em,<\/p><br \/>\r\n<p class=\"p1\">Olga<\/p><\/div>\r\n\t\t\t\t<div class=\"dae-shortcode-download-button\">\r\n\t\t\t\t\t<span class=\"dae-shortcode-download-button-icon\"><i class=\"fas fa-download\"><\/i><\/span>\r\n\t\t\t\t\t<span class=\"dae-shortcode-download-button-text\">pobierz za darmo<\/span>\r\n\t\t\t\t<\/div>\r\n\t\t\t\t<div class=\"dae-shortcode-register-wrapper\">\r\n\t\t\t\t\t<p class=\"dae-shortcode-register-label\">Send download link to:<\/p>\r\n\t\t\t\t\t<form class=\"dae-shortcode-register-form\" method=\"post\" novalidate=\"novalidate\">\r\n\t\t\t\t\t\t<input type=\"hidden\" name=\"file\" value=\"somatyczny-ebook-ukladu-nerwowego.pdf\" \/>\r\n\t\t\t\t\t\t<div class=\"dae-shortcode-register-field-wrap\"><div class=\"dae-shortcode-register-icon\"><i class=\"fas fa-envelope\"><\/i><\/div><div class=\"dae-shortcode-register-input-wrap\"><input class=\"dae-shortcode-register-field\" type=\"email\" name=\"email\" placeholder=\"Email\" autocomplete=\"off\" \/><\/div><\/div>\r\n\t\t\t\t\t\t\r\n\t\t\t\t\t\t\r\n\t\t\t\t\t\t<p>\r\n\t\t\t\t\t\t\t<input class=\"dae-shortcode-register-submit\" type=\"submit\" value=\"Send link\" \/>\r\n\t\t\t\t\t\t<\/p>\r\n\t\t\t\t\t\t<p class=\"dae-shortcode-register-loading\">\r\n\t\t\t\t\t\t\t<i class=\"fas fa-spinner fa-spin\"><\/i>\r\n\t\t\t\t\t\t<\/p>\r\n\t\t\t\t\t<\/form>\r\n\t\t\t\t\t<p class=\"dae-shortcode-register-message\"><\/p>\r\n\t\t\t\t<\/div>\r\n\t\t\t<\/div>\r\n\t\t<\/div>\r\n\t<\/span><\/p>\t\t\t\t\t\t\t\t<\/div>\n\t\t\t\t<\/div>\n\t\t\t\t<div class=\"elementor-element elementor-element-b13e0cf elementor-widget elementor-widget-text-editor\" data-id=\"b13e0cf\" data-element_type=\"widget\" data-e-type=\"widget\" data-widget_type=\"text-editor.default\">\n\t\t\t\t<div class=\"elementor-widget-container\">\n\t\t\t\t\t\t\t\t\t<p style=\"text-align: center;\">prose przeczytaj nasz\u0105 <a href=\"https:\/\/spiritualbish.com\/privacy-policy\/\">Polityk\u0119 Prywatno\u015bci<\/a><\/p>\t\t\t\t\t\t\t\t<\/div>\n\t\t\t\t<\/div>\n\t\t\t\t\t<\/div>\n\t\t<\/div>\n\t\t\t\t\t<\/div>\n\t\t<\/section>\n\t\t\t\t<\/div>\n\t\t","protected":false},"excerpt":{"rendered":"<p>prose przeczytaj nasz\u0105 Polityk\u0119 Prywatno\u015bci<\/p>","protected":false},"author":2,"featured_media":8646,"parent":0,"menu_order":0,"comment_status":"closed","ping_status":"closed","template":"","meta":{"nf_dc_page":"","om_disable_all_campaigns":false,"jetpack_post_was_ever_published":false,"footnotes":""},"class_list":["post-8924","page","type-page","status-publish","has-post-thumbnail","hentry"],"jetpack_likes_enabled":true,"jetpack_sharing_enabled":true,"_links":{"self":[{"href":"https:\/\/spiritualbish.com\/pl\/wp-json\/wp\/v2\/pages\/8924","targetHints":{"allow":["GET"]}}],"collection":[{"href":"https:\/\/spiritualbish.com\/pl\/wp-json\/wp\/v2\/pages"}],"about":[{"href":"https:\/\/spiritualbish.com\/pl\/wp-json\/wp\/v2\/types\/page"}],"author":[{"embeddable":true,"href":"https:\/\/spiritualbish.com\/pl\/wp-json\/wp\/v2\/users\/2"}],"replies":[{"embeddable":true,"href":"https:\/\/spiritualbish.com\/pl\/wp-json\/wp\/v2\/comments?post=8924"}],"version-history":[{"count":5,"href":"https:\/\/spiritualbish.com\/pl\/wp-json\/wp\/v2\/pages\/8924\/revisions"}],"predecessor-version":[{"id":9432,"href":"https:\/\/spiritualbish.com\/pl\/wp-json\/wp\/v2\/pages\/8924\/revisions\/9432"}],"wp:featuredmedia":[{"embeddable":true,"href":"https:\/\/spiritualbish.com\/pl\/wp-json\/wp\/v2\/media\/8646"}],"wp:attachment":[{"href":"https:\/\/spiritualbish.com\/pl\/wp-json\/wp\/v2\/media?parent=8924"}],"curies":[{"name":"wp","href":"https:\/\/api.w.org\/{rel}","templated":true}]}}