{"id":7671,"date":"2025-04-01T17:26:04","date_gmt":"2025-04-01T17:26:04","guid":{"rendered":"https:\/\/spiritualbish.com\/?page_id=7671"},"modified":"2025-11-08T15:30:00","modified_gmt":"2025-11-08T14:30:00","slug":"membersonlysomaheal","status":"publish","type":"page","link":"https:\/\/spiritualbish.com\/pl\/membersonlysomaheal\/","title":{"rendered":"The Somatic Self Healers Group"},"content":{"rendered":"<div class=\"swpm-post-not-logged-in-msg\">You need to be logged in to view this content. Prosz\u0119 <a class=\"swpm-login-link\" href=\"https:\/\/spiritualbish.com\/pl\/membership-login\/\">Log In<\/a>. Nie masz konta? <a href=\"https:\/\/spiritualbish.com\/pl\/membership-join\/\">Do\u0142\u0105cz do nas.<\/a><\/div>","protected":false},"excerpt":{"rendered":"<p>You need to be logged in to view this content. Prosz\u0119 Log In. Nie masz konta? Do\u0142\u0105cz do nas.<\/p>","protected":false},"author":2,"featured_media":0,"parent":0,"menu_order":0,"comment_status":"closed","ping_status":"closed","template":"","meta":{"nf_dc_page":"","om_disable_all_campaigns":false,"jetpack_post_was_ever_published":false,"footnotes":""},"class_list":["post-7671","page","type-page","status-publish","hentry"],"jetpack_likes_enabled":true,"jetpack_sharing_enabled":true,"_links":{"self":[{"href":"https:\/\/spiritualbish.com\/pl\/wp-json\/wp\/v2\/pages\/7671","targetHints":{"allow":["GET"]}}],"collection":[{"href":"https:\/\/spiritualbish.com\/pl\/wp-json\/wp\/v2\/pages"}],"about":[{"href":"https:\/\/spiritualbish.com\/pl\/wp-json\/wp\/v2\/types\/page"}],"author":[{"embeddable":true,"href":"https:\/\/spiritualbish.com\/pl\/wp-json\/wp\/v2\/users\/2"}],"replies":[{"embeddable":true,"href":"https:\/\/spiritualbish.com\/pl\/wp-json\/wp\/v2\/comments?post=7671"}],"version-history":[{"count":0,"href":"https:\/\/spiritualbish.com\/pl\/wp-json\/wp\/v2\/pages\/7671\/revisions"}],"wp:attachment":[{"href":"https:\/\/spiritualbish.com\/pl\/wp-json\/wp\/v2\/media?parent=7671"}],"curies":[{"name":"wp","href":"https:\/\/api.w.org\/{rel}","templated":true}]}}