{"id":3933,"date":"2023-09-01T18:29:10","date_gmt":"2023-09-01T18:29:10","guid":{"rendered":"https:\/\/spiritualbish.com\/?page_id=3933"},"modified":"2026-02-14T21:52:49","modified_gmt":"2026-02-14T20:52:49","slug":"privacy-policy","status":"publish","type":"page","link":"https:\/\/spiritualbish.com\/pl\/privacy-policy\/","title":{"rendered":"Privacy Policy"},"content":{"rendered":"<div data-elementor-type=\"wp-page\" data-elementor-id=\"3933\" class=\"elementor elementor-3933\">\n\t\t\t\t\t\t<section class=\"elementor-section elementor-top-section elementor-element elementor-element-2a91e3e4 elementor-section-boxed elementor-section-height-default elementor-section-height-default wpr-particle-no wpr-jarallax-no wpr-parallax-no wpr-sticky-section-no\" data-id=\"2a91e3e4\" data-element_type=\"section\" data-e-type=\"section\" data-settings=\"{&quot;background_background&quot;:&quot;classic&quot;}\">\n\t\t\t\t\t\t<div class=\"elementor-container elementor-column-gap-default\">\n\t\t\t\t\t<div class=\"elementor-column elementor-col-100 elementor-top-column elementor-element elementor-element-45073e9d\" data-id=\"45073e9d\" data-element_type=\"column\" data-e-type=\"column\">\n\t\t\t<div class=\"elementor-widget-wrap elementor-element-populated\">\n\t\t\t\t\t\t<div class=\"elementor-element elementor-element-6b17119e elementor-widget elementor-widget-text-editor\" data-id=\"6b17119e\" data-element_type=\"widget\" data-e-type=\"widget\" data-widget_type=\"text-editor.default\">\n\t\t\t\t<div class=\"elementor-widget-container\">\n\t\t\t\t\t\t\t\t\t<p><\/p>\n<h2 class=\"wp-block-heading\">Who we are<\/h2>\n<div>(po polsku na dole)<\/div>\n<p><\/p>\n<p class=\"\">Our website address is: https:\/\/spiritualbish.com.<\/p>\n<p><\/p>\n<h2 class=\"wp-block-heading\">Comments<\/h2>\n<p><\/p>\n<p class=\"\">When visitors leave comments on the site we collect the data shown in the comments form, and also the visitor\u2019s IP address and browser user agent string to help spam detection.<\/p>\n<p><\/p>\n<p class=\"\">An anonymized string created from your email address (also called a hash) may be provided to the Gravatar service to see if you are using it. The Gravatar service privacy policy is available here: https:\/\/automattic.com\/privacy\/. After approval of your comment, your profile picture is visible to the public in the context of your comment.<\/p>\n<p><\/p>\n<h2 class=\"wp-block-heading\">Media<\/h2>\n<p><\/p>\n<p class=\"\">If you upload images to the website, you should avoid uploading images with embedded location data (EXIF GPS) included. Visitors to the website can download and extract any location data from images on the website.<\/p>\n<p><\/p>\n<h2 class=\"wp-block-heading\">Cookies<\/h2>\n<p><\/p>\n<p class=\"\">If you leave a comment on our site you may opt-in to saving your name, email address and website in cookies. These are for your convenience so that you do not have to fill in your details again when you leave another comment. These cookies will last for one year.<\/p>\n<p><\/p>\n<p class=\"\">If you visit our login page, we will set a temporary cookie to determine if your browser accepts cookies. This cookie contains no personal data and is discarded when you close your browser.<\/p>\n<p><\/p>\n<p class=\"\">When you log in, we will also set up several cookies to save your login information and your screen display choices. Login cookies last for two days, and screen options cookies last for a year. If you select &#8220;Remember Me&#8221;, your login will persist for two weeks. If you log out of your account, the login cookies will be removed.<\/p>\n<p><\/p>\n<p class=\"\">If you edit or publish an article, an additional cookie will be saved in your browser. This cookie includes no personal data and simply indicates the post ID of the article you just edited. It expires after 1 day.<\/p>\n<p><\/p>\n<h2 class=\"wp-block-heading\">Embedded content from other websites<\/h2>\n<p><\/p>\n<p class=\"\">Articles on this site may include embedded content (e.g. videos, images, articles, etc.). Embedded content from other websites behaves in the exact same way as if the visitor has visited the other website.<\/p>\n<p><\/p>\n<p class=\"\">These websites may collect data about you, use cookies, embed additional third-party tracking, and monitor your interaction with that embedded content, including tracking your interaction with the embedded content if you have an account and are logged in to that website.<\/p>\n<p><\/p>\n<h2 class=\"wp-block-heading\">Who we share your data with<\/h2>\n<p><\/p>\n<p class=\"\"><strong class=\"privacy-policy-tutorial\">Suggested text: <\/strong>If you request a password reset, your IP address will be included in the reset email.<\/p>\n<p><\/p>\n<h2 class=\"wp-block-heading\">How long we retain your data<\/h2>\n<p><\/p>\n<p class=\"\"><strong class=\"privacy-policy-tutorial\">Suggested text: <\/strong>If you leave a comment, the comment and its metadata are retained indefinitely. This is so we can recognize and approve any follow-up comments automatically instead of holding them in a moderation queue.<\/p>\n<p><\/p>\n<p class=\"\">For users that register on our website (if any), we also store the personal information they provide in their user profile. All users can see, edit, or delete their personal information at any time (except they cannot change their username). Website administrators can also see and edit that information.<\/p>\n<p><\/p>\n<h2 class=\"wp-block-heading\">What rights you have over your data<\/h2>\n<p><\/p>\n<p class=\"\">If you have an account on this site, or have left comments, you can request to receive an exported file of the personal data we hold about you, including any data you have provided to us. You can also request that we erase any personal data we hold about you. This does not include any data we are obliged to keep for administrative, legal, or security purposes.<\/p>\n<p><\/p>\n<h2 class=\"wp-block-heading\">Where your data is sent<\/h2>\n<p><\/p>\n<p class=\"\">Visitor comments may be checked through an automated spam detection service.<\/p>\n<p class=\"p1\">\u00a0<\/p>\n<h3><b>Kim jeste\u015bmy<\/b><\/h3>\n<p>\u00a0<\/p>\n<p class=\"p3\">Adres naszej strony internetowej to: https:\/\/spiritualbish.com.<\/p>\n<p class=\"p1\">\u00a0<\/p>\n<h3><b>Komentarze<\/b><\/h3>\n<p>\u00a0<\/p>\n<p class=\"p3\">Kiedy odwiedzaj\u0105cy zostawiaj\u0105 komentarze na stronie, zbieramy dane podane w formularzu komentarza, a tak\u017ce adres IP odwiedzaj\u0105cego i ci\u0105g identyfikuj\u0105cy przegl\u0105dark\u0119, aby pom\u00f3c w wykrywaniu spamu.<\/p>\n<p class=\"p3\">Anonimizowany ci\u0105g utworzony z Twojego adresu e-mail (zwany r\u00f3wnie\u017c hashem) mo\u017ce zosta\u0107 przekazany do us\u0142ugi Gravatar, aby sprawdzi\u0107, czy z niej korzystasz. Polityka prywatno\u015bci us\u0142ugi Gravatar jest dost\u0119pna tutaj: https:\/\/automattic.com\/privacy\/. Po zatwierdzeniu komentarza Tw\u00f3j obrazek profilowy jest widoczny publicznie w kontek\u015bcie Twojego komentarza.<\/p>\n<p class=\"p1\">\u00a0<\/p>\n<h3><b>Media<\/b><\/h3>\n<p>\u00a0<\/p>\n<p class=\"p3\">Je\u015bli przesy\u0142asz obrazy na stron\u0119, powiniene\u015b unika\u0107 wgrywania zdj\u0119\u0107 z wbudowanymi danymi lokalizacyjnymi (EXIF GPS). Odwiedzaj\u0105cy stron\u0119 mog\u0105 pobra\u0107 i odczyta\u0107 dane lokalizacyjne z obraz\u00f3w dost\u0119pnych na stronie.<\/p>\n<p class=\"p1\">\u00a0<\/p>\n<h3><b>Pliki cookies<\/b><\/h3>\n<p>\u00a0<\/p>\n<p class=\"p3\">Je\u015bli zostawisz komentarz na naszej stronie, mo\u017cesz zgodzi\u0107 si\u0119 na zapisanie swojego imienia, adresu e-mail i strony internetowej w plikach cookies. S\u0142u\u017cy to Twojej wygodzie, aby nie musie\u0107 ponownie wpisywa\u0107 danych przy kolejnym komentarzu. Te pliki cookies b\u0119d\u0105 przechowywane przez rok.<\/p>\n<p class=\"p3\">Je\u015bli odwiedzisz nasz\u0105 stron\u0119 logowania, ustawimy tymczasowy plik cookie, aby sprawdzi\u0107, czy Twoja przegl\u0105darka akceptuje cookies. Ten plik cookie nie zawiera danych osobowych i jest usuwany po zamkni\u0119ciu przegl\u0105darki.<\/p>\n<p class=\"p3\">Po zalogowaniu ustawiamy r\u00f3wnie\u017c kilka plik\u00f3w cookies, aby zapisa\u0107 informacje o logowaniu i preferencjach wy\u015bwietlania ekranu. Pliki cookies logowania s\u0105 przechowywane przez dwa dni, a pliki cookies opcji ekranu przez rok. Je\u015bli wybierzesz \u201eZapami\u0119taj mnie\u201d, logowanie b\u0119dzie trwa\u0142o dwa tygodnie. Po wylogowaniu pliki cookies logowania zostan\u0105 usuni\u0119te.<\/p>\n<p class=\"p3\">Je\u015bli edytujesz lub publikujesz artyku\u0142, dodatkowy plik cookie zostanie zapisany w Twojej przegl\u0105darce. Nie zawiera on danych osobowych i wskazuje jedynie identyfikator posta artyku\u0142u, kt\u00f3ry w\u0142a\u015bnie edytowa\u0142e\u015b. Wygasa po 1 dniu.<\/p>\n<p class=\"p1\">\u00a0<\/p>\n<h3><b>Osadzone tre\u015bci z innych witryn<\/b><\/h3>\n<p>\u00a0<\/p>\n<p class=\"p3\">Artyku\u0142y na tej stronie mog\u0105 zawiera\u0107 osadzone tre\u015bci (np. wideo, obrazy, artyku\u0142y itp.). Osadzone tre\u015bci z innych witryn zachowuj\u0105 si\u0119 dok\u0142adnie tak, jakby odwiedzaj\u0105cy odwiedzi\u0142 t\u0119 inn\u0105 witryn\u0119.<\/p>\n<p class=\"p3\">Te witryny mog\u0105 zbiera\u0107 dane o Tobie, u\u017cywa\u0107 plik\u00f3w cookies, osadza\u0107 dodatkowe narz\u0119dzia \u015bledz\u0105ce os\u00f3b trzecich oraz monitorowa\u0107 Twoj\u0105 interakcj\u0119 z osadzonymi tre\u015bciami, w tym \u015bledzi\u0107 Twoje dzia\u0142ania, je\u015bli masz konto i jeste\u015b zalogowany na tej witrynie.<\/p>\n<p class=\"p1\">\u00a0<\/p>\n<h3><b>Z kim dzielimy si\u0119 Twoimi danymi<\/b><\/h3>\n<p>\u00a0<\/p>\n<p class=\"p3\">Proponowany tekst: Je\u015bli poprosisz o reset has\u0142a, Tw\u00f3j adres IP zostanie uwzgl\u0119dniony w wiadomo\u015bci e-mail z resetem.<\/p>\n<p class=\"p1\">\u00a0<\/p>\n<h3><b>Jak d\u0142ugo przechowujemy Twoje dane<\/b><\/h3>\n<p>\u00a0<\/p>\n<p class=\"p3\">Proponowany tekst: Je\u015bli zostawisz komentarz, komentarz i jego metadane s\u0105 przechowywane bezterminowo. Pozwala to automatycznie rozpozna\u0107 i zatwierdzi\u0107 wszelkie kolejne komentarze, zamiast trzyma\u0107 je w kolejce moderacji.<\/p>\n<p class=\"p3\">Dla u\u017cytkownik\u00f3w zarejestrowanych na naszej stronie (je\u015bli tacy s\u0105) przechowujemy r\u00f3wnie\u017c dane osobowe podane w ich profilu u\u017cytkownika. Wszyscy u\u017cytkownicy mog\u0105 w ka\u017cdej chwili przegl\u0105da\u0107, edytowa\u0107 lub usuwa\u0107 swoje dane osobowe (z wyj\u0105tkiem zmiany nazwy u\u017cytkownika). Administratorzy strony r\u00f3wnie\u017c mog\u0105 przegl\u0105da\u0107 i edytowa\u0107 te informacje.<\/p>\n<p class=\"p1\">\u00a0<\/p>\n<h3><b>Jakie masz prawa wzgl\u0119dem swoich danych<\/b><\/h3>\n<p>\u00a0<\/p>\n<p class=\"p3\">Je\u015bli masz konto na tej stronie lub zostawi\u0142e\u015b komentarze, mo\u017cesz poprosi\u0107 o otrzymanie pliku z eksportem danych osobowych, kt\u00f3re przechowujemy o Tobie, w tym wszelkich danych, kt\u00f3re nam przekaza\u0142e\u015b. Mo\u017cesz r\u00f3wnie\u017c poprosi\u0107, aby\u015bmy usun\u0119li wszystkie dane osobowe, kt\u00f3re przechowujemy o Tobie. Nie obejmuje to danych, kt\u00f3re musimy zachowa\u0107 do cel\u00f3w administracyjnych, prawnych lub bezpiecze\u0144stwa.<\/p>\n<p class=\"p1\">\u00a0<\/p>\n<h3><b>Dok\u0105d s\u0105 wysy\u0142ane Twoje dane<\/b><\/h3>\n<p>\u00a0<\/p>\n<p class=\"p3\">Komentarze odwiedzaj\u0105cych mog\u0105 by\u0107 sprawdzane przez automatyczn\u0105 us\u0142ug\u0119 wykrywania spamu.<\/p>\n<p>\u00a0<\/p>\n<p><\/p>\t\t\t\t\t\t\t\t<\/div>\n\t\t\t\t<\/div>\n\t\t\t\t\t<\/div>\n\t\t<\/div>\n\t\t\t\t\t<\/div>\n\t\t<\/section>\n\t\t\t\t<\/div>","protected":false},"excerpt":{"rendered":"<p>Who we are (po polsku na dole) Our website address is: https:\/\/spiritualbish.com. Comments When visitors leave comments on the site&hellip; <br \/> <a class=\"read-more\" href=\"https:\/\/spiritualbish.com\/pl\/privacy-policy\/\">Dowiedz si\u0119 wi\u0119cej<\/a><\/p>","protected":false},"author":2,"featured_media":0,"parent":0,"menu_order":0,"comment_status":"closed","ping_status":"closed","template":"","meta":{"nf_dc_page":"","om_disable_all_campaigns":false,"jetpack_post_was_ever_published":false,"footnotes":""},"class_list":["post-3933","page","type-page","status-publish","hentry"],"jetpack_likes_enabled":true,"jetpack_sharing_enabled":true,"_links":{"self":[{"href":"https:\/\/spiritualbish.com\/pl\/wp-json\/wp\/v2\/pages\/3933","targetHints":{"allow":["GET"]}}],"collection":[{"href":"https:\/\/spiritualbish.com\/pl\/wp-json\/wp\/v2\/pages"}],"about":[{"href":"https:\/\/spiritualbish.com\/pl\/wp-json\/wp\/v2\/types\/page"}],"author":[{"embeddable":true,"href":"https:\/\/spiritualbish.com\/pl\/wp-json\/wp\/v2\/users\/2"}],"replies":[{"embeddable":true,"href":"https:\/\/spiritualbish.com\/pl\/wp-json\/wp\/v2\/comments?post=3933"}],"version-history":[{"count":4,"href":"https:\/\/spiritualbish.com\/pl\/wp-json\/wp\/v2\/pages\/3933\/revisions"}],"predecessor-version":[{"id":9436,"href":"https:\/\/spiritualbish.com\/pl\/wp-json\/wp\/v2\/pages\/3933\/revisions\/9436"}],"wp:attachment":[{"href":"https:\/\/spiritualbish.com\/pl\/wp-json\/wp\/v2\/media?parent=3933"}],"curies":[{"name":"wp","href":"https:\/\/api.w.org\/{rel}","templated":true}]}}